{"id":34,"date":"2021-03-01T07:49:22","date_gmt":"2021-03-01T07:49:22","guid":{"rendered":"https:\/\/jonathansolis.com\/blog\/blog\/"},"modified":"2021-04-24T16:14:02","modified_gmt":"2021-04-24T16:14:02","slug":"blog","status":"publish","type":"page","link":"https:\/\/jonathansolis.com\/blog\/","title":{"rendered":"Blog"},"content":{"rendered":"<body>\n      <div id=\"post-grid-lazy-223\" class=\"post-grid-lazy\"><img decoding=\"async\" alt=\"\" src=\"\" \/><\/div>\n    <script>\n      jQuery('#post-grid-lazy-223').ready(function($) {\n        $('#post-grid-lazy-223').fadeOut();\n        $('#post-grid-223   ').fadeIn();\n      })\n    <\/script>\n    <style type=\"text\/css\">\n      #post-grid-223 {\n        display: none;\n      }\n\n      .post-grid-lazy {\n        text-align: center;\n      }\n    <\/style>\n    <div data-options='{&quot;id&quot;:&quot;223&quot;,&quot;lazy_load&quot;:&quot;yes&quot;,&quot;masonry_enable&quot;:&quot;yes&quot;,&quot;view_type&quot;:&quot;grid&quot;}' id=\"post-grid-223\" class=\"post-grid grid\">\n    \n\n\n    <div class=\"grid-items\">\n      <div class=\"item item-612 skin flat even 0 \">\n        <div class=\"layer-wrapper layout-225\">\n          <div class=\"element element_1615840104743  thumb_link \">\r\n                    <a target=\"_self\" href=\"https:\/\/jonathansolis.com\/blog\/dalle-tampoco-nos-dejara-sin-trabajo\/\"><img decoding=\"async\"\r\n                    alt=\"Im\u00e1gen generada por inteligencia artificial de DallE dibujandose a si misma en un espejo\" src=\"https:\/\/i0.wp.com\/jonathansolis.com\/blog\/wp-content\/uploads\/2023\/02\/DALL%C2%B7E-2023-02-28-21.58.36-Dalle-drawing-herlself-in-high-resolution-digital-art.png?fit=750%2C750&#038;ssl=1\"><\/a>\r\n            <\/div>\r\n    <div class=\"element element_1615840093268  title \">\r\n                    <a target=\"_self\"\r\n                href=\"https:\/\/jonathansolis.com\/blog\/dalle-tampoco-nos-dejara-sin-trabajo\/\">No, DallE no nos dejar\u00e1 sin trabajo tampoco<\/a>\r\n            <\/div>\r\n    <div\r\n        class=\"element element_1615840127253  excerpt_read_more \">\r\n        \u00bfEstamos cerca de que la inteligencia artificial nos reemplace? No, tampoco DallE nos dejar\u00e1 sin trabajo. Nuestro enemigo es m\u00e1s peligroso.        <a target=\"_self\"\r\n            href=\"https:\/\/jonathansolis.com\/blog\/dalle-tampoco-nos-dejara-sin-trabajo\/\">Leer m\u00e1s<\/a>\r\n    <\/div>\r\n    <\/div>\n  <\/div><div class=\"item item-605 skin flat odd 1 \">\n        <div class=\"layer-wrapper layout-225\">\n          <div class=\"element element_1615840104743  thumb_link \">\r\n                    <a target=\"_self\" href=\"https:\/\/jonathansolis.com\/blog\/chat-gpt-la-inteligencia-artificial-nos-dejara-sin-trabajo\/\"><img decoding=\"async\"\r\n                    alt=\"Pintura del n\u00famero 2023 al estilo Auguste Renoir. -Generado por Dall-E\" src=\"https:\/\/i0.wp.com\/jonathansolis.com\/blog\/wp-content\/uploads\/2023\/01\/DALL%C2%B7E-paining-of-the-number-2023-in-the-style-of-august-renoir.png?fit=750%2C750&#038;ssl=1\"><\/a>\r\n            <\/div>\r\n    <div class=\"element element_1615840093268  title \">\r\n                    <a target=\"_self\"\r\n                href=\"https:\/\/jonathansolis.com\/blog\/chat-gpt-la-inteligencia-artificial-nos-dejara-sin-trabajo\/\">Chat GPT, la inteligencia artificial que nos dejar\u00e1 sin trabajo<\/a>\r\n            <\/div>\r\n    <div\r\n        class=\"element element_1615840127253  excerpt_read_more \">\r\n        El a\u00f1o pasado vivimos una explosi\u00f3n de inteligencia artificial y se habla de que en cualquier momento nos dejar\u00e1 sin trabajo \u00bfser\u00e1 cierto?        <a target=\"_self\"\r\n            href=\"https:\/\/jonathansolis.com\/blog\/chat-gpt-la-inteligencia-artificial-nos-dejara-sin-trabajo\/\">Leer m\u00e1s<\/a>\r\n    <\/div>\r\n    <\/div>\n  <\/div><div class=\"item item-595 skin flat even 2 \">\n        <div class=\"layer-wrapper layout-225\">\n          <div class=\"element element_1615840104743  thumb_link \">\r\n                    <a target=\"_self\" href=\"https:\/\/jonathansolis.com\/blog\/desarrolla-tu-entorno-internacional\/\"><img decoding=\"async\"\r\n                    alt=\"La tierra desde el espacio\" src=\"https:\/\/i0.wp.com\/jonathansolis.com\/blog\/wp-content\/uploads\/2022\/11\/la-tierra.jpg?fit=640%2C338&#038;ssl=1\"><\/a>\r\n            <\/div>\r\n    <div class=\"element element_1615840093268  title \">\r\n                    <a target=\"_self\"\r\n                href=\"https:\/\/jonathansolis.com\/blog\/desarrolla-tu-entorno-internacional\/\">Desarrolla tu entorno internacional<\/a>\r\n            <\/div>\r\n    <div\r\n        class=\"element element_1615840127253  excerpt_read_more \">\r\n        \u00bfTe imaginas cu\u00e1nto podr\u00edas crecer si en lugar de aprender solo en tu mismo entorno lo hicieras en un entorno internacional?        <a target=\"_self\"\r\n            href=\"https:\/\/jonathansolis.com\/blog\/desarrolla-tu-entorno-internacional\/\">Leer m\u00e1s<\/a>\r\n    <\/div>\r\n    <\/div>\n  <\/div><div class=\"item item-579 skin flat odd 3 \">\n        <div class=\"layer-wrapper layout-225\">\n          <div class=\"element element_1615840104743  thumb_link \">\r\n                    <a target=\"_self\" href=\"https:\/\/jonathansolis.com\/blog\/por-que-aun-no-eres-rico\/\"><img decoding=\"async\"\r\n                    alt=\"Globo sobre cielo azul y debajo el mar\" src=\"https:\/\/i0.wp.com\/jonathansolis.com\/blog\/wp-content\/uploads\/2022\/08\/vida-de-rico.jpg?fit=640%2C426&#038;ssl=1\"><\/a>\r\n            <\/div>\r\n    <div class=\"element element_1615840093268  title \">\r\n                    <a target=\"_self\"\r\n                href=\"https:\/\/jonathansolis.com\/blog\/por-que-aun-no-eres-rico\/\">\u00bfPor qu\u00e9 a\u00fan no eres rico?<\/a>\r\n            <\/div>\r\n    <div\r\n        class=\"element element_1615840127253  excerpt_read_more \">\r\n        Elon Musk a los 28 pose\u00eda una fortuna de $22 millones. Mark Zuckerber a los 23 $1.5 billion. Si ellos pudieron, \u00bfpor qu\u00e9 t\u00fa a\u00fan no eres rico?        <a target=\"_self\"\r\n            href=\"https:\/\/jonathansolis.com\/blog\/por-que-aun-no-eres-rico\/\">Leer m\u00e1s<\/a>\r\n    <\/div>\r\n    <\/div>\n  <\/div><div class=\"item item-588 skin flat even 4 \">\n        <div class=\"layer-wrapper layout-225\">\n          <div class=\"element element_1615840104743  thumb_link \">\r\n                    <a target=\"_self\" href=\"https:\/\/jonathansolis.com\/blog\/la-libertad-financiera-desde-mi-sofa\/\"><img decoding=\"async\"\r\n                    alt=\"Dinero en efectivo, relojes y microchips. En el texto se lee &quot;Buscando la libertad&quot; Lo atribuyo a la libertad financiera.\" src=\"https:\/\/i0.wp.com\/jonathansolis.com\/blog\/wp-content\/uploads\/2022\/08\/multicurrency.jpg?fit=640%2C394&#038;ssl=1\"><\/a>\r\n            <\/div>\r\n    <div class=\"element element_1615840093268  title \">\r\n                    <a target=\"_self\"\r\n                href=\"https:\/\/jonathansolis.com\/blog\/la-libertad-financiera-desde-mi-sofa\/\">La libertad financiera desde mi sof\u00e1<\/a>\r\n            <\/div>\r\n    <div\r\n        class=\"element element_1615840127253  excerpt_read_more \">\r\n        Todos tenemos un concepto muy diferente de la libertad. Piensalo un minuto. Para ti, \u00bfqu\u00e9 significa tener libertad financiera?        <a target=\"_self\"\r\n            href=\"https:\/\/jonathansolis.com\/blog\/la-libertad-financiera-desde-mi-sofa\/\">Leer m\u00e1s<\/a>\r\n    <\/div>\r\n    <\/div>\n  <\/div><div class=\"item item-564 skin flat odd 5 \">\n        <div class=\"layer-wrapper layout-225\">\n          <div class=\"element element_1615840104743  thumb_link \">\r\n                    <a target=\"_self\" href=\"https:\/\/jonathansolis.com\/blog\/como-crear-un-producto-digital\/\"><img decoding=\"async\"\r\n                    alt=\"\" src=\"https:\/\/i0.wp.com\/jonathansolis.com\/blog\/wp-content\/uploads\/2022\/06\/crear-un-producto-digital.jpg?fit=640%2C374&#038;ssl=1\"><\/a>\r\n            <\/div>\r\n    <div class=\"element element_1615840093268  title \">\r\n                    <a target=\"_self\"\r\n                href=\"https:\/\/jonathansolis.com\/blog\/como-crear-un-producto-digital\/\">Como crear un producto digital en 5 pasos<\/a>\r\n            <\/div>\r\n    <div\r\n        class=\"element element_1615840127253  excerpt_read_more \">\r\n        \u00bfCu\u00e1ndo fue la \u00faltima vez que lanzaste en un producto o servicio y no funcion\u00f3? Por eso hoy vamos a ver como crear un producto digital.        <a target=\"_self\"\r\n            href=\"https:\/\/jonathansolis.com\/blog\/como-crear-un-producto-digital\/\">Leer m\u00e1s<\/a>\r\n    <\/div>\r\n    <\/div>\n  <\/div><div class=\"item item-553 skin flat even 6 \">\n        <div class=\"layer-wrapper layout-225\">\n          <div class=\"element element_1615840104743  thumb_link \">\r\n                    <a target=\"_self\" href=\"https:\/\/jonathansolis.com\/blog\/programacion-en-finanzas-que-si-y-que-no\/\"><img decoding=\"async\"\r\n                    alt=\"Chico programando para finanzas que luce preocupado\" src=\"https:\/\/i0.wp.com\/jonathansolis.com\/blog\/wp-content\/uploads\/2022\/06\/lala-azizli-ruSoEmT0IBg-unsplash.jpg?fit=640%2C427&#038;ssl=1\"><\/a>\r\n            <\/div>\r\n    <div class=\"element element_1615840093268  title \">\r\n                    <a target=\"_self\"\r\n                href=\"https:\/\/jonathansolis.com\/blog\/programacion-en-finanzas-que-si-y-que-no\/\">Programaci\u00f3n en finanzas, que si y que no.<\/a>\r\n            <\/div>\r\n    <div\r\n        class=\"element element_1615840127253  excerpt_read_more \">\r\n        Las finanzas son un \u00e1rea en donde la programaci\u00f3n tiene un rol muy importante. Pero cuando inicias en ella te das cuenta que el camino puede ser un poco tortuoso.\n\nAclaremos algunos puntos.        <a target=\"_self\"\r\n            href=\"https:\/\/jonathansolis.com\/blog\/programacion-en-finanzas-que-si-y-que-no\/\">Leer m\u00e1s<\/a>\r\n    <\/div>\r\n    <\/div>\n  <\/div><div class=\"item item-546 skin flat odd 7 \">\n        <div class=\"layer-wrapper layout-225\">\n          <div class=\"element element_1615840104743  thumb_link \">\r\n                    <a target=\"_self\" href=\"https:\/\/jonathansolis.com\/blog\/soy-mentor-en-coderdojo\/\"><img decoding=\"async\"\r\n                    alt=\"Logo de CoderDojo\" src=\"https:\/\/i0.wp.com\/jonathansolis.com\/blog\/wp-content\/uploads\/2022\/05\/CoderDogo_logo.webp?fit=532%2C336&#038;ssl=1\"><\/a>\r\n            <\/div>\r\n    <div class=\"element element_1615840093268  title \">\r\n                    <a target=\"_self\"\r\n                href=\"https:\/\/jonathansolis.com\/blog\/soy-mentor-en-coderdojo\/\">Soy mentor en \u201cCoderDojo\u201d<\/a>\r\n            <\/div>\r\n    <div\r\n        class=\"element element_1615840127253  excerpt_read_more \">\r\n        No hace mucho que me convert\u00ed en mentor de CoderDojo y tal vez, t\u00fa tambi\u00e9n deber\u00edas hacerlo. CoderDojo es una organizaci\u00f3n sin fines de lucro.        <a target=\"_self\"\r\n            href=\"https:\/\/jonathansolis.com\/blog\/soy-mentor-en-coderdojo\/\">Leer m\u00e1s<\/a>\r\n    <\/div>\r\n    <\/div>\n  <\/div><div class=\"item item-406 skin flat even 8 \">\n        <div class=\"layer-wrapper layout-225\">\n          <div class=\"element element_1615840104743  thumb_link \">\r\n                    <a target=\"_self\" href=\"https:\/\/jonathansolis.com\/blog\/por-que-deberias-mudarte-a-linux\/\"><img decoding=\"async\"\r\n                    alt=\"Logo de Linux en un bot\u00f3n negro sobre fondo tecnolog\u00edco az\u00fal\" src=\"https:\/\/i0.wp.com\/jonathansolis.com\/blog\/wp-content\/uploads\/2021\/04\/Linux_security.jpg?fit=640%2C360&#038;ssl=1\"><\/a>\r\n            <\/div>\r\n    <div class=\"element element_1615840093268  title \">\r\n                    <a target=\"_self\"\r\n                href=\"https:\/\/jonathansolis.com\/blog\/por-que-deberias-mudarte-a-linux\/\">Por qu\u00e9 deber\u00edas mudarte a Linux<\/a>\r\n            <\/div>\r\n    <div\r\n        class=\"element element_1615840127253  excerpt_read_more \">\r\n        Las ventajas de Linux con respecto a Windows son much\u00edsimas, hoy te cuento algunas para que sepas por qu\u00e9 deber\u00edas mudarte a Linux.        <a target=\"_self\"\r\n            href=\"https:\/\/jonathansolis.com\/blog\/por-que-deberias-mudarte-a-linux\/\">Leer m\u00e1s<\/a>\r\n    <\/div>\r\n    <\/div>\n  <\/div><div class=\"item item-522 skin flat odd 9 \">\n        <div class=\"layer-wrapper layout-225\">\n          <div class=\"element element_1615840104743  thumb_link \">\r\n                    <a target=\"_self\" href=\"https:\/\/jonathansolis.com\/blog\/validacion-de-ideas-por-medio-del-mom-test\/\"><img decoding=\"async\"\r\n                    alt=\"Conversaci\u00f3n casual entre dos mujeres\" src=\"https:\/\/i0.wp.com\/jonathansolis.com\/blog\/wp-content\/uploads\/2022\/01\/conversacion.jpg?fit=640%2C427&#038;ssl=1\"><\/a>\r\n            <\/div>\r\n    <div class=\"element element_1615840093268  title \">\r\n                    <a target=\"_self\"\r\n                href=\"https:\/\/jonathansolis.com\/blog\/validacion-de-ideas-por-medio-del-mom-test\/\">Validaci\u00f3n de ideas por medio del mom test<\/a>\r\n            <\/div>\r\n    <div\r\n        class=\"element element_1615840127253  excerpt_read_more \">\r\n        El mom test es una t\u00e9cnica de validaci\u00f3n de ideas por medio de conversaciones, ha ayudado a miles de emprendedores en la labor de validaci\u00f3n.        <a target=\"_self\"\r\n            href=\"https:\/\/jonathansolis.com\/blog\/validacion-de-ideas-por-medio-del-mom-test\/\">Leer m\u00e1s<\/a>\r\n    <\/div>\r\n    <\/div>\n  <\/div>    <\/div>\n    <div class=\"pagination\">\n      <div class=\"paginate\">\n    <span aria-current=\"page\" class=\"page-numbers current\">1<\/span>\n<a class=\"page-numbers\" href=\"https:\/\/jonathansolis.com\/blog\/wp-json\/wp\/v2\/pages\/34\/page\/2\/\">2<\/a>\n<a class=\"page-numbers\" href=\"https:\/\/jonathansolis.com\/blog\/wp-json\/wp\/v2\/pages\/34\/page\/3\/\">3<\/a>\n<a class=\"page-numbers\" href=\"https:\/\/jonathansolis.com\/blog\/wp-json\/wp\/v2\/pages\/34\/page\/4\/\">4<\/a>\n<a class=\"next page-numbers\" href=\"https:\/\/jonathansolis.com\/blog\/wp-json\/wp\/v2\/pages\/34\/page\/2\/\">Siguiente \u00bb<\/a>  <\/div>\n  <style type=\"text\/css\">\n    #post-grid-223 .pagination .page-numbers {\n      font-size: 16px;\n      color: #fff;\n      background: #646464;\n    }\n\n    #post-grid-223 .pagination .page-numbers:hover,\n    #post-grid-223 .pagination .page-numbers.current {\n      background: #4b4b4b;\n    }\n  <\/style>\n  <\/div>\n    <style type=\"text\/css\">\r\n        .layout-225 .element_1615840104743 {\r\n            overflow: hidden;\r\n                    }\r\n\r\n        .layout-225 .element_1615840104743 img {\r\n            max-width: 100%;\r\n            height: auto;\r\n        }\r\n\r\n        @media only screen and (min-width: 1024px) {\r\n            .layout-225 .element_1615840104743 {\r\n                            }\r\n        }\r\n\r\n        @media only screen and (min-width: 768px) and (max-width: 1023px) {\r\n            .layout-225 .element_1615840104743 {\r\n                            }\r\n        }\r\n\r\n        @media only screen and (min-width: 0px) and (max-width: 767px) {\r\n            .layout-225 .element_1615840104743 {\r\n                            }\r\n        }\r\n    <\/style>\r\n    <style type=\"text\/css\">\r\n        .layout-225 .element_1615840093268 {\r\n            font-size: 20px;\r\n            margin: 10px 0;\r\n            text-align: left;\r\n                    }\r\n\r\n        .layout-225 .element_1615840093268 a {\r\n            font-size: 20px;\r\n            margin: 10px 0;\r\n            text-align: left;\r\n                    }\r\n    <\/style>\r\n    <style type=\"text\/css\">\r\n        .layout-225 .element_1615840127253 {\r\n            text-align: left;\r\n                    }\r\n\r\n        .layout-225 .element_1615840127253 a {\r\n                    }\r\n    <\/style>\r\n      <style type=\"text\/css\">\n      #post-grid-223 {\r\n    max-width: 100%;\r\n}\r\n#post-grid .item {\r\n    background: transparent;\r\n}\r\n\r\n#post-grid-223 .item {\r\n    background: transparent;\r\n}    <\/style>\n      <script>\n          <\/script>\n    <style type=\"text\/css\">\n    #post-grid-223 {\n      padding: 10px;\n          }\n\n    #post-grid-223 .item {\n      padding: 0px;\n      background: ;\n          }\n\n    #post-grid-223 .item .layer-media {\n      height:auto;    }\n\n    @media only screen and (min-width: 0px) and (max-width: 767px) {\n      #post-grid-223 .grid-items {\n        text-align: center;\n              }\n\n      #post-grid-223 .item {\n        width: 90%;\n        margin: 10px;\n        display: inline-block;\n        vertical-align: top;\n        height:auto;      }\n    }\n\n    @media only screen and (min-width: 768px) and (max-width: 1023px) {\n      #post-grid-223 .grid-items {\n        text-align: center;\n              }\n\n      #post-grid-223 .item {\n        width: 280px;\n        margin: 10px;\n        display: inline-block;\n        vertical-align: top;\n        max-height:auto;      }\n    }\n\n    @media only screen and (min-width: 1024px) {\n      #post-grid-223 .grid-items {\n        text-align: center;\n              }\n\n      #post-grid-223 .item {\n        width: 30%;\n        display: inline-block;\n        margin: 10px;\n        vertical-align: top;\n        height:auto;      }\n    }\n\n      <\/style>\n  <\/div>\n\n<\/body>","protected":false},"excerpt":{"rendered":"","protected":false},"author":1,"featured_media":0,"parent":0,"menu_order":0,"comment_status":"closed","ping_status":"closed","template":"","meta":{"om_disable_all_campaigns":false,"footnotes":""},"class_list":["post-34","page","type-page","status-publish","hentry","entry"],"yoast_head":"<!-- This site is optimized with the Yoast SEO plugin v27.4 - https:\/\/yoast.com\/product\/yoast-seo-wordpress\/ -->\n<title>Blog - Jonathan Solis<\/title>\n<meta name=\"description\" content=\"Conoce mis aventuras, aciertos y aprendizajes.\" \/>\n<meta name=\"robots\" content=\"index, follow, max-snippet:-1, max-image-preview:large, max-video-preview:-1\" \/>\n<link rel=\"canonical\" href=\"https:\/\/jonathansolis.com\/blog\/\" \/>\n<meta property=\"og:locale\" content=\"es_MX\" \/>\n<meta property=\"og:type\" content=\"article\" \/>\n<meta property=\"og:title\" content=\"Blog - Jonathan Solis\" \/>\n<meta property=\"og:description\" content=\"Conoce mis aventuras, aciertos y aprendizajes.\" \/>\n<meta property=\"og:url\" content=\"https:\/\/jonathansolis.com\/blog\/\" \/>\n<meta property=\"og:site_name\" content=\"Jonathan Solis\" \/>\n<meta property=\"article:modified_time\" content=\"2021-04-24T16:14:02+00:00\" \/>\n<meta name=\"twitter:card\" content=\"summary_large_image\" \/>\n<meta name=\"twitter:label1\" content=\"Tiempo de lectura\" \/>\n\t<meta name=\"twitter:data1\" content=\"1 minuto\" \/>\n<script type=\"application\/ld+json\" class=\"yoast-schema-graph\">{\"@context\":\"https:\\\/\\\/schema.org\",\"@graph\":[{\"@type\":\"WebPage\",\"@id\":\"https:\\\/\\\/jonathansolis.com\\\/blog\\\/\",\"url\":\"https:\\\/\\\/jonathansolis.com\\\/blog\\\/\",\"name\":\"Blog - Jonathan Solis\",\"isPartOf\":{\"@id\":\"https:\\\/\\\/jonathansolis.com\\\/blog\\\/#website\"},\"datePublished\":\"2021-03-01T07:49:22+00:00\",\"dateModified\":\"2021-04-24T16:14:02+00:00\",\"description\":\"Conoce mis aventuras, aciertos y aprendizajes.\",\"breadcrumb\":{\"@id\":\"https:\\\/\\\/jonathansolis.com\\\/blog\\\/#breadcrumb\"},\"inLanguage\":\"es\",\"potentialAction\":[{\"@type\":\"ReadAction\",\"target\":[\"https:\\\/\\\/jonathansolis.com\\\/blog\\\/\"]}]},{\"@type\":\"BreadcrumbList\",\"@id\":\"https:\\\/\\\/jonathansolis.com\\\/blog\\\/#breadcrumb\",\"itemListElement\":[{\"@type\":\"ListItem\",\"position\":1,\"name\":\"Inicio\",\"item\":\"https:\\\/\\\/jonathansolis.com\\\/blog\\\/\"},{\"@type\":\"ListItem\",\"position\":2,\"name\":\"Blog\"}]},{\"@type\":\"WebSite\",\"@id\":\"https:\\\/\\\/jonathansolis.com\\\/blog\\\/#website\",\"url\":\"https:\\\/\\\/jonathansolis.com\\\/blog\\\/\",\"name\":\"Jonathan Solis\",\"description\":\"Mis aventuras, aciertos y aprendizajes las encontrar\u00e1s aqu\u00ed.\",\"publisher\":{\"@id\":\"https:\\\/\\\/jonathansolis.com\\\/blog\\\/#\\\/schema\\\/person\\\/52bb11fb134af2f77ffb651a0d972c20\"},\"potentialAction\":[{\"@type\":\"SearchAction\",\"target\":{\"@type\":\"EntryPoint\",\"urlTemplate\":\"https:\\\/\\\/jonathansolis.com\\\/blog\\\/?s={search_term_string}\"},\"query-input\":{\"@type\":\"PropertyValueSpecification\",\"valueRequired\":true,\"valueName\":\"search_term_string\"}}],\"inLanguage\":\"es\"},{\"@type\":[\"Person\",\"Organization\"],\"@id\":\"https:\\\/\\\/jonathansolis.com\\\/blog\\\/#\\\/schema\\\/person\\\/52bb11fb134af2f77ffb651a0d972c20\",\"name\":\"Jonathan Solis\",\"image\":{\"@type\":\"ImageObject\",\"inLanguage\":\"es\",\"@id\":\"https:\\\/\\\/i0.wp.com\\\/jonathansolis.com\\\/blog\\\/wp-content\\\/uploads\\\/2024\\\/03\\\/jhnsolis-avatar-cartoon-square.png?fit=638%2C602&ssl=1\",\"url\":\"https:\\\/\\\/i0.wp.com\\\/jonathansolis.com\\\/blog\\\/wp-content\\\/uploads\\\/2024\\\/03\\\/jhnsolis-avatar-cartoon-square.png?fit=638%2C602&ssl=1\",\"contentUrl\":\"https:\\\/\\\/i0.wp.com\\\/jonathansolis.com\\\/blog\\\/wp-content\\\/uploads\\\/2024\\\/03\\\/jhnsolis-avatar-cartoon-square.png?fit=638%2C602&ssl=1\",\"width\":638,\"height\":602,\"caption\":\"Jonathan Solis\"},\"logo\":{\"@id\":\"https:\\\/\\\/i0.wp.com\\\/jonathansolis.com\\\/blog\\\/wp-content\\\/uploads\\\/2024\\\/03\\\/jhnsolis-avatar-cartoon-square.png?fit=638%2C602&ssl=1\"},\"sameAs\":[\"https:\\\/\\\/jonathansolis.com\"]}]}<\/script>\n<!-- \/ Yoast SEO plugin. -->","yoast_head_json":{"title":"Blog - Jonathan Solis","description":"Conoce mis aventuras, aciertos y aprendizajes.","robots":{"index":"index","follow":"follow","max-snippet":"max-snippet:-1","max-image-preview":"max-image-preview:large","max-video-preview":"max-video-preview:-1"},"canonical":"https:\/\/jonathansolis.com\/blog\/","og_locale":"es_MX","og_type":"article","og_title":"Blog - Jonathan Solis","og_description":"Conoce mis aventuras, aciertos y aprendizajes.","og_url":"https:\/\/jonathansolis.com\/blog\/","og_site_name":"Jonathan Solis","article_modified_time":"2021-04-24T16:14:02+00:00","twitter_card":"summary_large_image","twitter_misc":{"Tiempo de lectura":"1 minuto"},"schema":{"@context":"https:\/\/schema.org","@graph":[{"@type":"WebPage","@id":"https:\/\/jonathansolis.com\/blog\/","url":"https:\/\/jonathansolis.com\/blog\/","name":"Blog - Jonathan Solis","isPartOf":{"@id":"https:\/\/jonathansolis.com\/blog\/#website"},"datePublished":"2021-03-01T07:49:22+00:00","dateModified":"2021-04-24T16:14:02+00:00","description":"Conoce mis aventuras, aciertos y aprendizajes.","breadcrumb":{"@id":"https:\/\/jonathansolis.com\/blog\/#breadcrumb"},"inLanguage":"es","potentialAction":[{"@type":"ReadAction","target":["https:\/\/jonathansolis.com\/blog\/"]}]},{"@type":"BreadcrumbList","@id":"https:\/\/jonathansolis.com\/blog\/#breadcrumb","itemListElement":[{"@type":"ListItem","position":1,"name":"Inicio","item":"https:\/\/jonathansolis.com\/blog\/"},{"@type":"ListItem","position":2,"name":"Blog"}]},{"@type":"WebSite","@id":"https:\/\/jonathansolis.com\/blog\/#website","url":"https:\/\/jonathansolis.com\/blog\/","name":"Jonathan Solis","description":"Mis aventuras, aciertos y aprendizajes las encontrar\u00e1s aqu\u00ed.","publisher":{"@id":"https:\/\/jonathansolis.com\/blog\/#\/schema\/person\/52bb11fb134af2f77ffb651a0d972c20"},"potentialAction":[{"@type":"SearchAction","target":{"@type":"EntryPoint","urlTemplate":"https:\/\/jonathansolis.com\/blog\/?s={search_term_string}"},"query-input":{"@type":"PropertyValueSpecification","valueRequired":true,"valueName":"search_term_string"}}],"inLanguage":"es"},{"@type":["Person","Organization"],"@id":"https:\/\/jonathansolis.com\/blog\/#\/schema\/person\/52bb11fb134af2f77ffb651a0d972c20","name":"Jonathan Solis","image":{"@type":"ImageObject","inLanguage":"es","@id":"https:\/\/i0.wp.com\/jonathansolis.com\/blog\/wp-content\/uploads\/2024\/03\/jhnsolis-avatar-cartoon-square.png?fit=638%2C602&ssl=1","url":"https:\/\/i0.wp.com\/jonathansolis.com\/blog\/wp-content\/uploads\/2024\/03\/jhnsolis-avatar-cartoon-square.png?fit=638%2C602&ssl=1","contentUrl":"https:\/\/i0.wp.com\/jonathansolis.com\/blog\/wp-content\/uploads\/2024\/03\/jhnsolis-avatar-cartoon-square.png?fit=638%2C602&ssl=1","width":638,"height":602,"caption":"Jonathan Solis"},"logo":{"@id":"https:\/\/i0.wp.com\/jonathansolis.com\/blog\/wp-content\/uploads\/2024\/03\/jhnsolis-avatar-cartoon-square.png?fit=638%2C602&ssl=1"},"sameAs":["https:\/\/jonathansolis.com"]}]}},"jetpack_sharing_enabled":true,"_links":{"self":[{"href":"https:\/\/jonathansolis.com\/blog\/wp-json\/wp\/v2\/pages\/34","targetHints":{"allow":["GET"]}}],"collection":[{"href":"https:\/\/jonathansolis.com\/blog\/wp-json\/wp\/v2\/pages"}],"about":[{"href":"https:\/\/jonathansolis.com\/blog\/wp-json\/wp\/v2\/types\/page"}],"author":[{"embeddable":true,"href":"https:\/\/jonathansolis.com\/blog\/wp-json\/wp\/v2\/users\/1"}],"replies":[{"embeddable":true,"href":"https:\/\/jonathansolis.com\/blog\/wp-json\/wp\/v2\/comments?post=34"}],"version-history":[{"count":1,"href":"https:\/\/jonathansolis.com\/blog\/wp-json\/wp\/v2\/pages\/34\/revisions"}],"predecessor-version":[{"id":291,"href":"https:\/\/jonathansolis.com\/blog\/wp-json\/wp\/v2\/pages\/34\/revisions\/291"}],"wp:attachment":[{"href":"https:\/\/jonathansolis.com\/blog\/wp-json\/wp\/v2\/media?parent=34"}],"curies":[{"name":"wp","href":"https:\/\/api.w.org\/{rel}","templated":true}]}}